{"id":78,"date":"2020-05-12T09:17:31","date_gmt":"2020-05-12T12:17:31","guid":{"rendered":"http:\/\/encontroliterario.com\/?page_id=78"},"modified":"2020-05-12T09:17:31","modified_gmt":"2020-05-12T12:17:31","slug":"quem-faz-o-el","status":"publish","type":"page","link":"https:\/\/encontroliterario.com\/?page_id=78","title":{"rendered":"Quem faz o EL?"},"content":{"rendered":"\n<div class=\"wp-block-image is-style-rounded\"><figure class=\"alignleft size-large is-resized\"><img loading=\"lazy\" decoding=\"async\" src=\"https:\/\/encontroliterario.com\/wp-content\/uploads\/2020\/05\/ale.jpg\" alt=\"Al\u00ea Fl\u00e1vio\" class=\"wp-image-80\" width=\"206\" height=\"206\" srcset=\"https:\/\/encontroliterario.com\/wp-content\/uploads\/2020\/05\/ale.jpg 320w, https:\/\/encontroliterario.com\/wp-content\/uploads\/2020\/05\/ale-300x300.jpg 300w, https:\/\/encontroliterario.com\/wp-content\/uploads\/2020\/05\/ale-150x150.jpg 150w\" sizes=\"auto, (max-width: 206px) 100vw, 206px\" \/><\/figure><\/div>\n\n\n\n<p><strong>Al\u00ea Fl\u00e1vio<\/strong> \u00e9 formado em Letras, n\u00e3o escreve tanto quanto poderia nem l\u00ea tudo que deveria, mas sabe que a \u00fanica salva\u00e7\u00e3o poss\u00edvel \u00e9 em nome de nosso senhor Noam Chomsky.<\/p>\n\n\n\n<div style=\"height:20px\" aria-hidden=\"true\" class=\"wp-block-spacer\"><\/div>\n\n\n\n<div class=\"wp-block-image is-style-rounded\"><figure class=\"alignright size-large is-resized\"><img loading=\"lazy\" decoding=\"async\" src=\"https:\/\/encontroliterario.com\/wp-content\/uploads\/2020\/05\/fabricio.jpeg\" alt=\"Fabr\u00edcio Gomes\" class=\"wp-image-82\" width=\"206\" height=\"206\" srcset=\"https:\/\/encontroliterario.com\/wp-content\/uploads\/2020\/05\/fabricio.jpeg 640w, https:\/\/encontroliterario.com\/wp-content\/uploads\/2020\/05\/fabricio-300x300.jpeg 300w, https:\/\/encontroliterario.com\/wp-content\/uploads\/2020\/05\/fabricio-150x150.jpeg 150w\" sizes=\"auto, (max-width: 206px) 100vw, 206px\" \/><figcaption><br><\/figcaption><\/figure><\/div>\n\n\n\n<p><strong>Fabr\u00edcio Gomes <\/strong>\u00e9 formado em Letras (e outras coisas mais), apaixonado por est\u00f3rias de todos os tipos e tentando contar as suas tamb\u00e9m.<\/p>\n\n\n\n<div style=\"height:20px\" aria-hidden=\"true\" class=\"wp-block-spacer\"><\/div>\n\n\n\n<div class=\"wp-block-image is-style-rounded\"><figure class=\"alignleft size-large is-resized\"><img loading=\"lazy\" decoding=\"async\" src=\"https:\/\/encontroliterario.com\/wp-content\/uploads\/2020\/05\/shamir.jpeg\" alt=\"Shamir Dalec\" class=\"wp-image-81\" width=\"206\" height=\"206\" srcset=\"https:\/\/encontroliterario.com\/wp-content\/uploads\/2020\/05\/shamir.jpeg 305w, https:\/\/encontroliterario.com\/wp-content\/uploads\/2020\/05\/shamir-300x300.jpeg 300w, https:\/\/encontroliterario.com\/wp-content\/uploads\/2020\/05\/shamir-150x150.jpeg 150w\" sizes=\"auto, (max-width: 206px) 100vw, 206px\" \/><\/figure><\/div>\n\n\n\n<p><strong>Shamir Daleck<\/strong> \u00e9 formado em letras pela Funda\u00e7\u00e3o Santo Andr\u00e9, apaixonado pela literatura e j\u00e1 chegou a cometer alguns contos.<\/p>\n","protected":false},"excerpt":{"rendered":"<p>Al\u00ea Fl\u00e1vio \u00e9 formado em Letras, n\u00e3o escreve tanto quanto poderia nem l\u00ea tudo que deveria, mas sabe que a \u00fanica salva\u00e7\u00e3o poss\u00edvel \u00e9 em nome de nosso senhor Noam [&hellip;]<\/p>\n","protected":false},"author":1,"featured_media":0,"parent":0,"menu_order":0,"comment_status":"closed","ping_status":"closed","template":"","meta":{"footnotes":""},"class_list":["post-78","page","type-page","status-publish","hentry"],"_links":{"self":[{"href":"https:\/\/encontroliterario.com\/index.php?rest_route=\/wp\/v2\/pages\/78","targetHints":{"allow":["GET"]}}],"collection":[{"href":"https:\/\/encontroliterario.com\/index.php?rest_route=\/wp\/v2\/pages"}],"about":[{"href":"https:\/\/encontroliterario.com\/index.php?rest_route=\/wp\/v2\/types\/page"}],"author":[{"embeddable":true,"href":"https:\/\/encontroliterario.com\/index.php?rest_route=\/wp\/v2\/users\/1"}],"replies":[{"embeddable":true,"href":"https:\/\/encontroliterario.com\/index.php?rest_route=%2Fwp%2Fv2%2Fcomments&post=78"}],"version-history":[{"count":5,"href":"https:\/\/encontroliterario.com\/index.php?rest_route=\/wp\/v2\/pages\/78\/revisions"}],"predecessor-version":[{"id":87,"href":"https:\/\/encontroliterario.com\/index.php?rest_route=\/wp\/v2\/pages\/78\/revisions\/87"}],"wp:attachment":[{"href":"https:\/\/encontroliterario.com\/index.php?rest_route=%2Fwp%2Fv2%2Fmedia&parent=78"}],"curies":[{"name":"wp","href":"https:\/\/api.w.org\/{rel}","templated":true}]}}